{"id":757,"date":"2023-11-03T15:21:33","date_gmt":"2023-11-03T14:21:33","guid":{"rendered":"https:\/\/www.dmjarchives.org\/noisiel\/noyau\/?page_id=757"},"modified":"2024-02-05T16:59:55","modified_gmt":"2024-02-05T15:59:55","slug":"bienvenue","status":"publish","type":"page","link":"https:\/\/www.dmjarchives.org\/noisiel\/noyau\/bienvenue\/","title":{"rendered":"Bienvenue !"},"content":{"rendered":"<div dir=\"ltr\">\n<div dir=\"auto\">\n<div dir=\"auto\">\n<blockquote>\n<div dir=\"ltr\">\n<div dir=\"auto\">\n<div dir=\"ltr\">\n<div dir=\"auto\">\n<div dir=\"auto\">\n<div dir=\"ltr\">\n<div dir=\"auto\">\n<div dir=\"auto\">Cette page &#8220;archives&#8221; a pour but de <strong>conserver et mettre \u00e0 la disposition du public tout \u00e9l\u00e9ment d&#8217;archive num\u00e9rique retra\u00e7ant l&#8217;histoire locale<\/strong>. Elle fait partie de la plateforme <a href=\"http:\/\/dmjarchives.org\/\" target=\"_blank\" rel=\"noopener\" data-saferedirecturl=\"https:\/\/www.google.com\/url?q=http:\/\/dmjarchives.org&amp;source=gmail&amp;ust=1699223881793000&amp;usg=AOvVaw3urKA_XbOdigFBlSMadPTP\">dmjarchives.org<\/a> port\u00e9e par l&#8217;association des Maires Franciliens &#8211; CDCL pour toutes les collectivit\u00e9s locales de l&#8217;\u00cele-de-France. Ci-dessous vous trouverez :<\/div>\n<ol>\n<li>Une R\u00e9trospective des diff\u00e9rentes versions du site internet;<\/li>\n<li>La phototh\u00e8que regroupant les images digitales produites depuis 20 ans;<\/li>\n<li>Les documents (PDF, DOC&#8230;) en cours de collecte;<\/li>\n<li>La reconstitution de la page d&#8217;accueil du site principal depuis la cr\u00e9ation d&#8217;internet;<\/li>\n<li>Un espace pour \u00eatre tenu inform\u00e9 sur les nouveaut\u00e9s de ces archives locales.<\/li>\n<\/ol>\n<\/div>\n<\/div>\n<div dir=\"auto\">Bonne visite.<\/div>\n<div dir=\"ltr\">\n<div dir=\"auto\">\n<div dir=\"auto\">Le pr\u00e9sident<\/div>\n<\/div>\n<\/div>\n<\/div>\n<\/div>\n<\/div>\n<\/div>\n<\/div>\n<\/blockquote>\n<\/div>\n<\/div>\n<\/div>\n","protected":false},"excerpt":{"rendered":"<p>Cette page &#8220;archives&#8221; a pour but de conserver et mettre \u00e0 la disposition du public tout \u00e9l\u00e9ment d&#8217;archive num\u00e9rique retra\u00e7ant l&#8217;histoire locale. Elle fait partie de la plateforme dmjarchives.org port\u00e9e par l&#8217;association des Maires Franciliens &#8211; CDCL pour toutes les &hellip; <\/p>\n","protected":false},"author":1,"featured_media":1456,"parent":0,"menu_order":0,"comment_status":"closed","ping_status":"closed","template":"","meta":{"footnotes":""},"class_list":["post-757","page","type-page","status-publish","has-post-thumbnail","hentry"],"yoast_head":"<!-- This site is optimized with the Yoast SEO plugin v27.5 - https:\/\/yoast.com\/product\/yoast-seo-wordpress\/ -->\n<title>Bienvenue ! - DMJ ARCHIVES<\/title>\n<meta name=\"robots\" content=\"noindex, follow, max-snippet:-1, max-image-preview:large, max-video-preview:-1\" \/>\n<meta property=\"og:locale\" content=\"fr_FR\" \/>\n<meta property=\"og:type\" content=\"article\" \/>\n<meta property=\"og:title\" content=\"Bienvenue ! - DMJ ARCHIVES\" \/>\n<meta property=\"og:description\" content=\"Cette page &#8220;archives&#8221; a pour but de conserver et mettre \u00e0 la disposition du public tout \u00e9l\u00e9ment d&#8217;archive num\u00e9rique retra\u00e7ant l&#8217;histoire locale. Elle fait partie de la plateforme dmjarchives.org port\u00e9e par l&#8217;association des Maires Franciliens &#8211; CDCL pour toutes les &hellip;\" \/>\n<meta property=\"og:url\" content=\"https:\/\/www.dmjarchives.org\/noisiel\/noyau\/bienvenue\/\" \/>\n<meta property=\"og:site_name\" content=\"DMJ ARCHIVES\" \/>\n<meta property=\"article:modified_time\" content=\"2024-02-05T15:59:55+00:00\" \/>\n<meta property=\"og:image\" content=\"https:\/\/www.dmjarchives.org\/noisiel\/noyau\/wp-content\/uploads\/2024\/01\/ville-noisiel.fr20001018224520MicroFilm-5.jpg\" \/>\n\t<meta property=\"og:image:width\" content=\"700\" \/>\n\t<meta property=\"og:image:height\" content=\"335\" \/>\n\t<meta property=\"og:image:type\" content=\"image\/jpeg\" \/>\n<meta name=\"twitter:card\" content=\"summary_large_image\" \/>\n<meta name=\"twitter:label1\" content=\"Dur\u00e9e de lecture estim\u00e9e\" \/>\n\t<meta name=\"twitter:data1\" content=\"1 minute\" \/>\n<script type=\"application\/ld+json\" class=\"yoast-schema-graph\">{\"@context\":\"https:\\\/\\\/schema.org\",\"@graph\":[{\"@type\":\"WebPage\",\"@id\":\"https:\\\/\\\/www.dmjarchives.org\\\/noisiel\\\/noyau\\\/bienvenue\\\/\",\"url\":\"https:\\\/\\\/www.dmjarchives.org\\\/noisiel\\\/noyau\\\/bienvenue\\\/\",\"name\":\"Bienvenue ! - DMJ ARCHIVES\",\"isPartOf\":{\"@id\":\"https:\\\/\\\/www.dmjarchives.org\\\/noisiel\\\/noyau\\\/#website\"},\"primaryImageOfPage\":{\"@id\":\"https:\\\/\\\/www.dmjarchives.org\\\/noisiel\\\/noyau\\\/bienvenue\\\/#primaryimage\"},\"image\":{\"@id\":\"https:\\\/\\\/www.dmjarchives.org\\\/noisiel\\\/noyau\\\/bienvenue\\\/#primaryimage\"},\"thumbnailUrl\":\"https:\\\/\\\/www.dmjarchives.org\\\/noisiel\\\/noyau\\\/wp-content\\\/uploads\\\/2024\\\/01\\\/ville-noisiel.fr20001018224520MicroFilm-5.jpg\",\"datePublished\":\"2023-11-03T14:21:33+00:00\",\"dateModified\":\"2024-02-05T15:59:55+00:00\",\"breadcrumb\":{\"@id\":\"https:\\\/\\\/www.dmjarchives.org\\\/noisiel\\\/noyau\\\/bienvenue\\\/#breadcrumb\"},\"inLanguage\":\"fr-FR\",\"potentialAction\":[{\"@type\":\"ReadAction\",\"target\":[\"https:\\\/\\\/www.dmjarchives.org\\\/noisiel\\\/noyau\\\/bienvenue\\\/\"]}]},{\"@type\":\"ImageObject\",\"inLanguage\":\"fr-FR\",\"@id\":\"https:\\\/\\\/www.dmjarchives.org\\\/noisiel\\\/noyau\\\/bienvenue\\\/#primaryimage\",\"url\":\"https:\\\/\\\/www.dmjarchives.org\\\/noisiel\\\/noyau\\\/wp-content\\\/uploads\\\/2024\\\/01\\\/ville-noisiel.fr20001018224520MicroFilm-5.jpg\",\"contentUrl\":\"https:\\\/\\\/www.dmjarchives.org\\\/noisiel\\\/noyau\\\/wp-content\\\/uploads\\\/2024\\\/01\\\/ville-noisiel.fr20001018224520MicroFilm-5.jpg\",\"width\":700,\"height\":335,\"caption\":\"Capture d'\u00e9cran du tout premier site internet.\"},{\"@type\":\"BreadcrumbList\",\"@id\":\"https:\\\/\\\/www.dmjarchives.org\\\/noisiel\\\/noyau\\\/bienvenue\\\/#breadcrumb\",\"itemListElement\":[{\"@type\":\"ListItem\",\"position\":1,\"name\":\"Accueil\",\"item\":\"https:\\\/\\\/www.dmjarchives.org\\\/noisiel\\\/noyau\\\/au-fil-de-lhistoire-du-site\\\/\"},{\"@type\":\"ListItem\",\"position\":2,\"name\":\"Bienvenue !\"}]},{\"@type\":\"WebSite\",\"@id\":\"https:\\\/\\\/www.dmjarchives.org\\\/noisiel\\\/noyau\\\/#website\",\"url\":\"https:\\\/\\\/www.dmjarchives.org\\\/noisiel\\\/noyau\\\/\",\"name\":\"DMJ ARCHIVES\",\"description\":\"Archives Internet\",\"publisher\":{\"@id\":\"https:\\\/\\\/www.dmjarchives.org\\\/noisiel\\\/noyau\\\/#organization\"},\"potentialAction\":[{\"@type\":\"SearchAction\",\"target\":{\"@type\":\"EntryPoint\",\"urlTemplate\":\"https:\\\/\\\/www.dmjarchives.org\\\/noisiel\\\/noyau\\\/?s={search_term_string}\"},\"query-input\":{\"@type\":\"PropertyValueSpecification\",\"valueRequired\":true,\"valueName\":\"search_term_string\"}}],\"inLanguage\":\"fr-FR\"},{\"@type\":\"Organization\",\"@id\":\"https:\\\/\\\/www.dmjarchives.org\\\/noisiel\\\/noyau\\\/#organization\",\"name\":\"Asso Maires Franciliens - CDCL\",\"url\":\"https:\\\/\\\/www.dmjarchives.org\\\/noisiel\\\/noyau\\\/\",\"logo\":{\"@type\":\"ImageObject\",\"inLanguage\":\"fr-FR\",\"@id\":\"https:\\\/\\\/www.dmjarchives.org\\\/noisiel\\\/noyau\\\/#\\\/schema\\\/logo\\\/image\\\/\",\"url\":\"https:\\\/\\\/www.dmjarchives.org\\\/noisiel\\\/noyau\\\/wp-content\\\/uploads\\\/2023\\\/11\\\/logoArchIves550p-1.png\",\"contentUrl\":\"https:\\\/\\\/www.dmjarchives.org\\\/noisiel\\\/noyau\\\/wp-content\\\/uploads\\\/2023\\\/11\\\/logoArchIves550p-1.png\",\"width\":500,\"height\":500,\"caption\":\"Asso Maires Franciliens - CDCL\"},\"image\":{\"@id\":\"https:\\\/\\\/www.dmjarchives.org\\\/noisiel\\\/noyau\\\/#\\\/schema\\\/logo\\\/image\\\/\"}}]}<\/script>\n<!-- \/ Yoast SEO plugin. -->","yoast_head_json":{"title":"Bienvenue ! - DMJ ARCHIVES","robots":{"index":"noindex","follow":"follow","max-snippet":"max-snippet:-1","max-image-preview":"max-image-preview:large","max-video-preview":"max-video-preview:-1"},"og_locale":"fr_FR","og_type":"article","og_title":"Bienvenue ! - DMJ ARCHIVES","og_description":"Cette page &#8220;archives&#8221; a pour but de conserver et mettre \u00e0 la disposition du public tout \u00e9l\u00e9ment d&#8217;archive num\u00e9rique retra\u00e7ant l&#8217;histoire locale. Elle fait partie de la plateforme dmjarchives.org port\u00e9e par l&#8217;association des Maires Franciliens &#8211; CDCL pour toutes les &hellip;","og_url":"https:\/\/www.dmjarchives.org\/noisiel\/noyau\/bienvenue\/","og_site_name":"DMJ ARCHIVES","article_modified_time":"2024-02-05T15:59:55+00:00","og_image":[{"width":700,"height":335,"url":"https:\/\/www.dmjarchives.org\/noisiel\/noyau\/wp-content\/uploads\/2024\/01\/ville-noisiel.fr20001018224520MicroFilm-5.jpg","type":"image\/jpeg"}],"twitter_card":"summary_large_image","twitter_misc":{"Dur\u00e9e de lecture estim\u00e9e":"1 minute"},"schema":{"@context":"https:\/\/schema.org","@graph":[{"@type":"WebPage","@id":"https:\/\/www.dmjarchives.org\/noisiel\/noyau\/bienvenue\/","url":"https:\/\/www.dmjarchives.org\/noisiel\/noyau\/bienvenue\/","name":"Bienvenue ! - DMJ ARCHIVES","isPartOf":{"@id":"https:\/\/www.dmjarchives.org\/noisiel\/noyau\/#website"},"primaryImageOfPage":{"@id":"https:\/\/www.dmjarchives.org\/noisiel\/noyau\/bienvenue\/#primaryimage"},"image":{"@id":"https:\/\/www.dmjarchives.org\/noisiel\/noyau\/bienvenue\/#primaryimage"},"thumbnailUrl":"https:\/\/www.dmjarchives.org\/noisiel\/noyau\/wp-content\/uploads\/2024\/01\/ville-noisiel.fr20001018224520MicroFilm-5.jpg","datePublished":"2023-11-03T14:21:33+00:00","dateModified":"2024-02-05T15:59:55+00:00","breadcrumb":{"@id":"https:\/\/www.dmjarchives.org\/noisiel\/noyau\/bienvenue\/#breadcrumb"},"inLanguage":"fr-FR","potentialAction":[{"@type":"ReadAction","target":["https:\/\/www.dmjarchives.org\/noisiel\/noyau\/bienvenue\/"]}]},{"@type":"ImageObject","inLanguage":"fr-FR","@id":"https:\/\/www.dmjarchives.org\/noisiel\/noyau\/bienvenue\/#primaryimage","url":"https:\/\/www.dmjarchives.org\/noisiel\/noyau\/wp-content\/uploads\/2024\/01\/ville-noisiel.fr20001018224520MicroFilm-5.jpg","contentUrl":"https:\/\/www.dmjarchives.org\/noisiel\/noyau\/wp-content\/uploads\/2024\/01\/ville-noisiel.fr20001018224520MicroFilm-5.jpg","width":700,"height":335,"caption":"Capture d'\u00e9cran du tout premier site internet."},{"@type":"BreadcrumbList","@id":"https:\/\/www.dmjarchives.org\/noisiel\/noyau\/bienvenue\/#breadcrumb","itemListElement":[{"@type":"ListItem","position":1,"name":"Accueil","item":"https:\/\/www.dmjarchives.org\/noisiel\/noyau\/au-fil-de-lhistoire-du-site\/"},{"@type":"ListItem","position":2,"name":"Bienvenue !"}]},{"@type":"WebSite","@id":"https:\/\/www.dmjarchives.org\/noisiel\/noyau\/#website","url":"https:\/\/www.dmjarchives.org\/noisiel\/noyau\/","name":"DMJ ARCHIVES","description":"Archives Internet","publisher":{"@id":"https:\/\/www.dmjarchives.org\/noisiel\/noyau\/#organization"},"potentialAction":[{"@type":"SearchAction","target":{"@type":"EntryPoint","urlTemplate":"https:\/\/www.dmjarchives.org\/noisiel\/noyau\/?s={search_term_string}"},"query-input":{"@type":"PropertyValueSpecification","valueRequired":true,"valueName":"search_term_string"}}],"inLanguage":"fr-FR"},{"@type":"Organization","@id":"https:\/\/www.dmjarchives.org\/noisiel\/noyau\/#organization","name":"Asso Maires Franciliens - CDCL","url":"https:\/\/www.dmjarchives.org\/noisiel\/noyau\/","logo":{"@type":"ImageObject","inLanguage":"fr-FR","@id":"https:\/\/www.dmjarchives.org\/noisiel\/noyau\/#\/schema\/logo\/image\/","url":"https:\/\/www.dmjarchives.org\/noisiel\/noyau\/wp-content\/uploads\/2023\/11\/logoArchIves550p-1.png","contentUrl":"https:\/\/www.dmjarchives.org\/noisiel\/noyau\/wp-content\/uploads\/2023\/11\/logoArchIves550p-1.png","width":500,"height":500,"caption":"Asso Maires Franciliens - CDCL"},"image":{"@id":"https:\/\/www.dmjarchives.org\/noisiel\/noyau\/#\/schema\/logo\/image\/"}}]}},"_links":{"self":[{"href":"https:\/\/www.dmjarchives.org\/noisiel\/noyau\/wp-json\/wp\/v2\/pages\/757","targetHints":{"allow":["GET"]}}],"collection":[{"href":"https:\/\/www.dmjarchives.org\/noisiel\/noyau\/wp-json\/wp\/v2\/pages"}],"about":[{"href":"https:\/\/www.dmjarchives.org\/noisiel\/noyau\/wp-json\/wp\/v2\/types\/page"}],"author":[{"embeddable":true,"href":"https:\/\/www.dmjarchives.org\/noisiel\/noyau\/wp-json\/wp\/v2\/users\/1"}],"replies":[{"embeddable":true,"href":"https:\/\/www.dmjarchives.org\/noisiel\/noyau\/wp-json\/wp\/v2\/comments?post=757"}],"version-history":[{"count":12,"href":"https:\/\/www.dmjarchives.org\/noisiel\/noyau\/wp-json\/wp\/v2\/pages\/757\/revisions"}],"predecessor-version":[{"id":1576,"href":"https:\/\/www.dmjarchives.org\/noisiel\/noyau\/wp-json\/wp\/v2\/pages\/757\/revisions\/1576"}],"wp:featuredmedia":[{"embeddable":true,"href":"https:\/\/www.dmjarchives.org\/noisiel\/noyau\/wp-json\/wp\/v2\/media\/1456"}],"wp:attachment":[{"href":"https:\/\/www.dmjarchives.org\/noisiel\/noyau\/wp-json\/wp\/v2\/media?parent=757"}],"curies":[{"name":"wp","href":"https:\/\/api.w.org\/{rel}","templated":true}]}}