{"id":43,"date":"2023-10-15T17:54:51","date_gmt":"2023-10-15T15:54:51","guid":{"rendered":"https:\/\/www.dmjarchives.org\/commune\/noyau\/?page_id=43"},"modified":"2023-11-08T12:42:46","modified_gmt":"2023-11-08T11:42:46","slug":"a-propos","status":"publish","type":"page","link":"https:\/\/www.dmjarchives.org\/commune\/noyau\/a-propos\/","title":{"rendered":"A propos"},"content":{"rendered":"<blockquote>\n<div dir=\"ltr\">\n<h2>Pr\u00e9sentation de l&#8217;association et de sa d\u00e9marche.<\/h2>\n<p>Que vous soyez chercheurs, \u00e9tudiants, journalistes, \u00e9lus ou citoyens, vous pouvez consulter ici gratuitement un regroupement important et unique de documents en rapport avec l&#8217;histoire locale.<\/p>\n<p><strong>Ce site est \u00e0 l&#8217;initiative de l&#8217;association des Maires Franciliens dans un but de recherche et\u00a0de\u00a0conservation des informations et donn\u00e9es disparues des communes de l&#8217;\u00cele-de-France.<\/strong><\/p>\n<p>Notre mission consiste \u00e0 rechercher, sur tous\u00a0les serveurs et bases\u00a0de donn\u00e9es du web, des informations sur un th\u00e8me ou un territoire particulier et les mettre \u00e0 disposition des internautes qu&#8217;elles concernent, sous la forme d&#8217;une revue de presse chronologique.<\/p>\n<p>L&#8217;association des Maires Franciliens est une structure de droit fran\u00e7ais fond\u00e9e en 2011, ouverte \u00e0 toutes les communes de l&#8217;\u00cele de France, sans consid\u00e9ration de leur taille, leur situation g\u00e9ographique ou leur sensibilit\u00e9 politique.<\/p>\n<p>Son objet initial a \u00e9t\u00e9 de d\u00e9fendre et soutenir les collectivit\u00e9s locales dans leurs probl\u00e9matiques li\u00e9es \u00e0 la sp\u00e9cificit\u00e9 de la r\u00e9gion &#8220;Capitale&#8221;.<br \/>\nAujourd&#8217;hui, cette action perdure sous le vocable &#8220;Maires Franciliens&#8221; dans une forme regroup\u00e9e et mutualis\u00e9e avec d&#8217;autres associations similaires. De nombreux services, aides et prestations sont ainsi fournis\u00a0aux\u00a0\u00e9lus locaux et\u00a0\u00e0\u00a0leurs collectivit\u00e9s locales.<\/p>\n<p><strong>Le projet DMJ a vu le jour afin de sauvegarder\u00a0la m\u00e9moire collective locale menac\u00e9e de disparition du fait du caract\u00e8re\u00a0\u00e9ph\u00e9m\u00e8re\u00a0des informations num\u00e9riques.<\/strong><br \/>\n<strong>Ainsi avec plusieurs partenaires,\u00a0\u00a0nous avons d\u00e9velopp\u00e9 un process technique unique et exclusif afin de rechercher, collecter et reconstituer des Donn\u00e9es, M\u00e9tadonn\u00e9es\u00a0et Journalisations disparues.<\/strong><br \/>\n<strong>Le r\u00e9sultat de ce travail de conservation, qui se poursuit et se poursuivra inlassablement, est mis \u00e0 la disposition de tous gratuitement, sur la plateforme\u00a0 DMJArchives.org<\/strong><\/p>\n<p>Tous les documents que nous pr\u00e9sentons ont \u00e9t\u00e9 collect\u00e9s\u00a0en leur temps sur les sites internet concern\u00e9s avec l&#8217;autorisation de leurs\u00a0propri\u00e9taires. Ces informations ont ensuite \u00e9t\u00e9 exploit\u00e9es notamment par les moteurs de recherches\u00a0et sont aujourd&#8217;hui obsol\u00e8tes. C&#8217;est \u00e0 ce moment que nous intervenons. Plut\u00f4t que de constituer une base de donn\u00e9es en propre\u00a0qui\u00a0serait difficile \u00e0 maintenir, nous relayons toutes les informations diss\u00e9min\u00e9es\u00a0aux\u00a0quatre coins\u00a0du web regroup\u00e9es\u00a0par th\u00e8me.<\/p>\n<p>Si vous souhaitez signaler une anomalie,\u00a0 il est pr\u00e9f\u00e9rable de vous adresser directement au service qui d\u00e9tient ces informations et donn\u00e9es. Vous pouvez en obtenir les coordonn\u00e9es en nous contactant par email et en indiquant pr\u00e9cis\u00e9ment les informations, le document ou le fichier concern\u00e9s.<\/p>\n<p>La transmission de l&#8217;histoire locale et la conservation de la m\u00e9moire collective est un enjeu essentiel dans une soci\u00e9t\u00e9 moderne. C&#8217;est un devoir que nous avons tous vis-\u00e0-vis des g\u00e9n\u00e9rations\u00a0futures\u00a0et un \u00e9l\u00e9ment d\u00e9terminant pour comprendre les \u00e9v\u00e9nements contemporains.<\/p>\n<p>Pour nous contacter le plus simple est d&#8217;utiliser l&#8217;email\u00a0<a href=\"mailto:contact@dmjarchives.org\" target=\"_blank\" rel=\"noopener\">contact@dmjarchives.<wbr \/>org<\/a><\/p>\n<p>notre adresse:<br \/>\n<em>P\u00f4le associatif CDCL &#8211; Maires Franciliens<\/em><br \/>\n<em>3 Boulevard de S\u00e9bastopol<\/em><br \/>\n<em>75001 PARIS<\/em><\/p>\n<p>&nbsp;<\/p>\n<p>&nbsp;<\/p>\n<\/div>\n<\/blockquote>\n<p><a href=\"https:\/\/www.dmjarchives.org\/commune\/noyau\/cropped-logoarchives350p-12-png\/\"><img loading=\"lazy\" decoding=\"async\" class=\"size-full wp-image-750 aligncenter\" src=\"https:\/\/www.dmjarchives.org\/commune\/noyau\/wp-content\/uploads\/2023\/11\/cropped-logoArchIves350p-12.png\" alt=\"Logo sites archives\" width=\"300\" height=\"282\" \/><\/a><\/p>\n<h3>Participez, aidez-nous.<\/h3>\n<p>Si vous poss\u00e9dez des documents susceptibles d&#8217;int\u00e9resser le public et \u00e0 figurer sur notre plateforme, nous vous invitons \u00e0 nous contacter.<\/p>\n<p>Nous mettons \u00e0 la disposition de tous des informations et donn\u00e9es constituant la m\u00e9moire collective publique. Nous effectuons ce travail gratuitement et notre travail est &#8220;libre de droits&#8221;.\u00a0Cependant, la conservation de la m\u00e9moire de tous a un co\u00fbt. La location des serveurs, les d\u00e9veloppements informatiques, les bandes\u00a0passantes internet\u00a0 sont autant de d\u00e9penses auxquelles nous devons faire face.<\/p>\n<p>La meilleure fa\u00e7on de nous aider est de faire conna\u00eetre notre travail aupr\u00e8s des d\u00e9cideurs publics et de les inviter \u00e0 nous soutenir. Heureusement bon nombre de communes et collectivit\u00e9s ont compris l&#8217;int\u00e9r\u00eat de nous aider. Mais notre mod\u00e8le \u00e9conomique ne peut \u00eatre \u00e9quilibr\u00e9 que si toutes contribuent \u00e9quitablement.<\/p>\n","protected":false},"excerpt":{"rendered":"<p>Pr\u00e9sentation de l&#8217;association et de sa d\u00e9marche. Que vous soyez chercheurs, \u00e9tudiants, journalistes, \u00e9lus ou citoyens, vous pouvez consulter ici gratuitement un regroupement important et unique de documents en rapport avec l&#8217;histoire locale. Ce site est \u00e0 l&#8217;initiative de l&#8217;association &hellip; <\/p>\n","protected":false},"author":1,"featured_media":750,"parent":0,"menu_order":0,"comment_status":"closed","ping_status":"closed","template":"","meta":{"footnotes":""},"class_list":["post-43","page","type-page","status-publish","has-post-thumbnail","hentry"],"yoast_head":"<!-- This site is optimized with the Yoast SEO plugin v27.5 - https:\/\/yoast.com\/product\/yoast-seo-wordpress\/ -->\n<title>- DMJ ARCHIVES<\/title>\n<meta name=\"robots\" content=\"noindex, follow, max-snippet:-1, max-image-preview:large, max-video-preview:-1\" \/>\n<meta property=\"og:locale\" content=\"fr_FR\" \/>\n<meta property=\"og:type\" content=\"article\" \/>\n<meta property=\"og:title\" content=\"- DMJ ARCHIVES\" \/>\n<meta property=\"og:description\" content=\"Pr\u00e9sentation de l&#8217;association et de sa d\u00e9marche. Que vous soyez chercheurs, \u00e9tudiants, journalistes, \u00e9lus ou citoyens, vous pouvez consulter ici gratuitement un regroupement important et unique de documents en rapport avec l&#8217;histoire locale. Ce site est \u00e0 l&#8217;initiative de l&#8217;association &hellip;\" \/>\n<meta property=\"og:url\" content=\"https:\/\/www.dmjarchives.org\/commune\/noyau\/contact\/\" \/>\n<meta property=\"og:site_name\" content=\"DMJ ARCHIVES\" \/>\n<meta property=\"article:modified_time\" content=\"2023-11-08T11:42:46+00:00\" \/>\n<meta property=\"og:image\" content=\"https:\/\/www.dmjarchives.org\/commune\/noyau\/wp-content\/uploads\/2023\/10\/Contact-photo-a-la-une.jpg\" \/>\n\t<meta property=\"og:image:width\" content=\"720\" \/>\n\t<meta property=\"og:image:height\" content=\"500\" \/>\n\t<meta property=\"og:image:type\" content=\"image\/jpeg\" \/>\n<meta name=\"twitter:card\" content=\"summary_large_image\" \/>\n<meta name=\"twitter:label1\" content=\"Dur\u00e9e de lecture estim\u00e9e\" \/>\n\t<meta name=\"twitter:data1\" content=\"2 minutes\" \/>\n<script type=\"application\/ld+json\" class=\"yoast-schema-graph\">{\"@context\":\"https:\\\/\\\/schema.org\",\"@graph\":[{\"@type\":\"WebPage\",\"@id\":\"https:\\\/\\\/www.dmjarchives.org\\\/commune\\\/noyau\\\/contact\\\/\",\"url\":\"https:\\\/\\\/www.dmjarchives.org\\\/commune\\\/noyau\\\/contact\\\/\",\"name\":\"- DMJ ARCHIVES\",\"isPartOf\":{\"@id\":\"https:\\\/\\\/www.dmjarchives.org\\\/commune\\\/noyau\\\/#website\"},\"primaryImageOfPage\":{\"@id\":\"https:\\\/\\\/www.dmjarchives.org\\\/commune\\\/noyau\\\/contact\\\/#primaryimage\"},\"image\":{\"@id\":\"https:\\\/\\\/www.dmjarchives.org\\\/commune\\\/noyau\\\/contact\\\/#primaryimage\"},\"thumbnailUrl\":\"https:\\\/\\\/www.dmjarchives.org\\\/commune\\\/noyau\\\/wp-content\\\/uploads\\\/2023\\\/11\\\/cropped-logoArchIves350p-12.png\",\"datePublished\":\"2023-10-15T15:54:51+00:00\",\"dateModified\":\"2023-11-08T11:42:46+00:00\",\"breadcrumb\":{\"@id\":\"https:\\\/\\\/www.dmjarchives.org\\\/commune\\\/noyau\\\/contact\\\/#breadcrumb\"},\"inLanguage\":\"fr-FR\",\"potentialAction\":[{\"@type\":\"ReadAction\",\"target\":[\"https:\\\/\\\/www.dmjarchives.org\\\/commune\\\/noyau\\\/contact\\\/\"]}]},{\"@type\":\"ImageObject\",\"inLanguage\":\"fr-FR\",\"@id\":\"https:\\\/\\\/www.dmjarchives.org\\\/commune\\\/noyau\\\/contact\\\/#primaryimage\",\"url\":\"https:\\\/\\\/www.dmjarchives.org\\\/commune\\\/noyau\\\/wp-content\\\/uploads\\\/2023\\\/11\\\/cropped-logoArchIves350p-12.png\",\"contentUrl\":\"https:\\\/\\\/www.dmjarchives.org\\\/commune\\\/noyau\\\/wp-content\\\/uploads\\\/2023\\\/11\\\/cropped-logoArchIves350p-12.png\",\"width\":300,\"height\":282,\"caption\":\"Logo sites archives\"},{\"@type\":\"BreadcrumbList\",\"@id\":\"https:\\\/\\\/www.dmjarchives.org\\\/commune\\\/noyau\\\/contact\\\/#breadcrumb\",\"itemListElement\":[{\"@type\":\"ListItem\",\"position\":1,\"name\":\"Accueil\",\"item\":\"https:\\\/\\\/www.dmjarchives.org\\\/commune\\\/noyau\\\/au-fil-de-lhistoire-du-site\\\/\"},{\"@type\":\"ListItem\",\"position\":2,\"name\":\"Contact\"}]},{\"@type\":\"WebSite\",\"@id\":\"https:\\\/\\\/www.dmjarchives.org\\\/commune\\\/noyau\\\/#website\",\"url\":\"https:\\\/\\\/www.dmjarchives.org\\\/commune\\\/noyau\\\/\",\"name\":\"DMJ ARCHIVES\",\"description\":\"Archives Internet\",\"publisher\":{\"@id\":\"https:\\\/\\\/www.dmjarchives.org\\\/commune\\\/noyau\\\/#organization\"},\"potentialAction\":[{\"@type\":\"SearchAction\",\"target\":{\"@type\":\"EntryPoint\",\"urlTemplate\":\"https:\\\/\\\/www.dmjarchives.org\\\/commune\\\/noyau\\\/?s={search_term_string}\"},\"query-input\":{\"@type\":\"PropertyValueSpecification\",\"valueRequired\":true,\"valueName\":\"search_term_string\"}}],\"inLanguage\":\"fr-FR\"},{\"@type\":\"Organization\",\"@id\":\"https:\\\/\\\/www.dmjarchives.org\\\/commune\\\/noyau\\\/#organization\",\"name\":\"dmjarchives\",\"url\":\"https:\\\/\\\/www.dmjarchives.org\\\/commune\\\/noyau\\\/\",\"logo\":{\"@type\":\"ImageObject\",\"inLanguage\":\"fr-FR\",\"@id\":\"https:\\\/\\\/www.dmjarchives.org\\\/commune\\\/noyau\\\/#\\\/schema\\\/logo\\\/image\\\/\",\"url\":\"https:\\\/\\\/www.dmjarchives.org\\\/commune\\\/noyau\\\/wp-content\\\/uploads\\\/2023\\\/10\\\/logo-2.png\",\"contentUrl\":\"https:\\\/\\\/www.dmjarchives.org\\\/commune\\\/noyau\\\/wp-content\\\/uploads\\\/2023\\\/10\\\/logo-2.png\",\"width\":390,\"height\":486,\"caption\":\"dmjarchives\"},\"image\":{\"@id\":\"https:\\\/\\\/www.dmjarchives.org\\\/commune\\\/noyau\\\/#\\\/schema\\\/logo\\\/image\\\/\"}}]}<\/script>\n<!-- \/ Yoast SEO plugin. -->","yoast_head_json":{"title":"- DMJ ARCHIVES","robots":{"index":"noindex","follow":"follow","max-snippet":"max-snippet:-1","max-image-preview":"max-image-preview:large","max-video-preview":"max-video-preview:-1"},"og_locale":"fr_FR","og_type":"article","og_title":"- DMJ ARCHIVES","og_description":"Pr\u00e9sentation de l&#8217;association et de sa d\u00e9marche. Que vous soyez chercheurs, \u00e9tudiants, journalistes, \u00e9lus ou citoyens, vous pouvez consulter ici gratuitement un regroupement important et unique de documents en rapport avec l&#8217;histoire locale. Ce site est \u00e0 l&#8217;initiative de l&#8217;association &hellip;","og_url":"https:\/\/www.dmjarchives.org\/commune\/noyau\/contact\/","og_site_name":"DMJ ARCHIVES","article_modified_time":"2023-11-08T11:42:46+00:00","og_image":[{"width":720,"height":500,"url":"https:\/\/www.dmjarchives.org\/commune\/noyau\/wp-content\/uploads\/2023\/10\/Contact-photo-a-la-une.jpg","type":"image\/jpeg"}],"twitter_card":"summary_large_image","twitter_misc":{"Dur\u00e9e de lecture estim\u00e9e":"2 minutes"},"schema":{"@context":"https:\/\/schema.org","@graph":[{"@type":"WebPage","@id":"https:\/\/www.dmjarchives.org\/commune\/noyau\/contact\/","url":"https:\/\/www.dmjarchives.org\/commune\/noyau\/contact\/","name":"- DMJ ARCHIVES","isPartOf":{"@id":"https:\/\/www.dmjarchives.org\/commune\/noyau\/#website"},"primaryImageOfPage":{"@id":"https:\/\/www.dmjarchives.org\/commune\/noyau\/contact\/#primaryimage"},"image":{"@id":"https:\/\/www.dmjarchives.org\/commune\/noyau\/contact\/#primaryimage"},"thumbnailUrl":"https:\/\/www.dmjarchives.org\/commune\/noyau\/wp-content\/uploads\/2023\/11\/cropped-logoArchIves350p-12.png","datePublished":"2023-10-15T15:54:51+00:00","dateModified":"2023-11-08T11:42:46+00:00","breadcrumb":{"@id":"https:\/\/www.dmjarchives.org\/commune\/noyau\/contact\/#breadcrumb"},"inLanguage":"fr-FR","potentialAction":[{"@type":"ReadAction","target":["https:\/\/www.dmjarchives.org\/commune\/noyau\/contact\/"]}]},{"@type":"ImageObject","inLanguage":"fr-FR","@id":"https:\/\/www.dmjarchives.org\/commune\/noyau\/contact\/#primaryimage","url":"https:\/\/www.dmjarchives.org\/commune\/noyau\/wp-content\/uploads\/2023\/11\/cropped-logoArchIves350p-12.png","contentUrl":"https:\/\/www.dmjarchives.org\/commune\/noyau\/wp-content\/uploads\/2023\/11\/cropped-logoArchIves350p-12.png","width":300,"height":282,"caption":"Logo sites archives"},{"@type":"BreadcrumbList","@id":"https:\/\/www.dmjarchives.org\/commune\/noyau\/contact\/#breadcrumb","itemListElement":[{"@type":"ListItem","position":1,"name":"Accueil","item":"https:\/\/www.dmjarchives.org\/commune\/noyau\/au-fil-de-lhistoire-du-site\/"},{"@type":"ListItem","position":2,"name":"Contact"}]},{"@type":"WebSite","@id":"https:\/\/www.dmjarchives.org\/commune\/noyau\/#website","url":"https:\/\/www.dmjarchives.org\/commune\/noyau\/","name":"DMJ ARCHIVES","description":"Archives Internet","publisher":{"@id":"https:\/\/www.dmjarchives.org\/commune\/noyau\/#organization"},"potentialAction":[{"@type":"SearchAction","target":{"@type":"EntryPoint","urlTemplate":"https:\/\/www.dmjarchives.org\/commune\/noyau\/?s={search_term_string}"},"query-input":{"@type":"PropertyValueSpecification","valueRequired":true,"valueName":"search_term_string"}}],"inLanguage":"fr-FR"},{"@type":"Organization","@id":"https:\/\/www.dmjarchives.org\/commune\/noyau\/#organization","name":"dmjarchives","url":"https:\/\/www.dmjarchives.org\/commune\/noyau\/","logo":{"@type":"ImageObject","inLanguage":"fr-FR","@id":"https:\/\/www.dmjarchives.org\/commune\/noyau\/#\/schema\/logo\/image\/","url":"https:\/\/www.dmjarchives.org\/commune\/noyau\/wp-content\/uploads\/2023\/10\/logo-2.png","contentUrl":"https:\/\/www.dmjarchives.org\/commune\/noyau\/wp-content\/uploads\/2023\/10\/logo-2.png","width":390,"height":486,"caption":"dmjarchives"},"image":{"@id":"https:\/\/www.dmjarchives.org\/commune\/noyau\/#\/schema\/logo\/image\/"}}]}},"_links":{"self":[{"href":"https:\/\/www.dmjarchives.org\/commune\/noyau\/wp-json\/wp\/v2\/pages\/43","targetHints":{"allow":["GET"]}}],"collection":[{"href":"https:\/\/www.dmjarchives.org\/commune\/noyau\/wp-json\/wp\/v2\/pages"}],"about":[{"href":"https:\/\/www.dmjarchives.org\/commune\/noyau\/wp-json\/wp\/v2\/types\/page"}],"author":[{"embeddable":true,"href":"https:\/\/www.dmjarchives.org\/commune\/noyau\/wp-json\/wp\/v2\/users\/1"}],"replies":[{"embeddable":true,"href":"https:\/\/www.dmjarchives.org\/commune\/noyau\/wp-json\/wp\/v2\/comments?post=43"}],"version-history":[{"count":9,"href":"https:\/\/www.dmjarchives.org\/commune\/noyau\/wp-json\/wp\/v2\/pages\/43\/revisions"}],"predecessor-version":[{"id":1069,"href":"https:\/\/www.dmjarchives.org\/commune\/noyau\/wp-json\/wp\/v2\/pages\/43\/revisions\/1069"}],"wp:featuredmedia":[{"embeddable":true,"href":"https:\/\/www.dmjarchives.org\/commune\/noyau\/wp-json\/wp\/v2\/media\/750"}],"wp:attachment":[{"href":"https:\/\/www.dmjarchives.org\/commune\/noyau\/wp-json\/wp\/v2\/media?parent=43"}],"curies":[{"name":"wp","href":"https:\/\/api.w.org\/{rel}","templated":true}]}}