{"id":343,"date":"2023-10-18T11:19:14","date_gmt":"2023-10-18T09:19:14","guid":{"rendered":"https:\/\/www.dmjarchives.org\/commune\/noyau\/?page_id=343"},"modified":"2023-11-09T18:20:25","modified_gmt":"2023-11-09T17:20:25","slug":"phototheque-locale","status":"publish","type":"page","link":"https:\/\/www.dmjarchives.org\/commune\/noyau\/phototheque-locale\/","title":{"rendered":"Phototh\u00e8que Locale"},"content":{"rendered":"<p>Le plus gros regroupement de photos existant et disponible sur ce territoire est \u00e0 votre disposition. Les photos sont class\u00e9es par ann\u00e9es de publication sur internet.<\/p>\n<style type=\"text\/css\" scoped>.rbs_gallery_69f105449d324Spinner{\r\n\t\t\t\tmargin: 50px auto;\r\n\t\t\t\twidth: 50px;\r\n\t\t\t\theight: 40px;\r\n\t\t\t\ttext-align: center;\r\n\t\t\t\tfont-size: 10px;\r\n\t\t\t}\r\n\t\t\t.rbs_gallery_69f105449d324Spinner > div{\r\n\t\t\t  background-color: #333;\r\n\t\t\t  height: 100%;\r\n\t\t\t  width: 6px;\r\n\t\t\t  display: inline-block;\r\n\t\t\t  -webkit-animation: rbs_gallery_69f105449d324-stretchdelay 1.2s infinite ease-in-out;\r\n\t\t\t  animation: rbs_gallery_69f105449d324-stretchdelay 1.2s infinite ease-in-out;\r\n\t\t\t}\r\n\t\t\t.rbs_gallery_69f105449d324Spinner .rbs_gallery_69f105449d324Rect2 {\r\n\t\t\t  -webkit-animation-delay: -1.1s;\r\n\t\t\t  animation-delay: -1.1s;\r\n\t\t\t}\r\n\t\t\t.rbs_gallery_69f105449d324Spinner .rbs_gallery_69f105449d324Rect3 {\r\n\t\t\t  -webkit-animation-delay: -1.0s;\r\n\t\t\t  animation-delay: -1.0s;\r\n\t\t\t}\r\n\t\t\t.rbs_gallery_69f105449d324Spinner .rbs_gallery_69f105449d324Rect4 {\r\n\t\t\t  -webkit-animation-delay: -0.9s;\r\n\t\t\t  animation-delay: -0.9s;\r\n\t\t\t}\r\n\t\t\t.rbs_gallery_69f105449d324Spinner .rbs_gallery_69f105449d324Rect5 {\r\n\t\t\t  -webkit-animation-delay: -0.8s;\r\n\t\t\t  animation-delay: -0.8s;\r\n\t\t\t}\r\n\t\t\t@-webkit-keyframes rbs_gallery_69f105449d324-stretchdelay {\r\n\t\t\t  0%, 40%, 100% { -webkit-transform: scaleY(0.4) }  \r\n\t\t\t  20% { -webkit-transform: scaleY(1.0) }\r\n\t\t\t}\r\n\t\t\t@keyframes rbs_gallery_69f105449d324-stretchdelay {\r\n\t\t\t  0%, 40%, 100% { \r\n\t\t\t    transform: scaleY(0.4);\r\n\t\t\t    -webkit-transform: scaleY(0.4);\r\n\t\t\t  }  20% { \r\n\t\t\t    transform: scaleY(1.0);\r\n\t\t\t    -webkit-transform: scaleY(1.0);\r\n\t\t\t  }\r\n\t\t\t}\r\n\t\t<\/style><div class=\"robo-gallery-wrap robo-gallery-wrap-id372 robo-gallery-mosaic\" ><div id=\"rbs_gallery_69f105449d324-block-loader\" class=\"rbs_gallery_69f105449d324Spinner\"><div class=\"rbs_gallery_69f105449d324Rect1\"><\/div> <div class=\"rbs_gallery_69f105449d324Rect2\"><\/div> <div class=\"rbs_gallery_69f105449d324Rect3\"><\/div> <div class=\"rbs_gallery_69f105449d324Rect4\"><\/div> <div class=\"rbs_gallery_69f105449d324Rect5\"><\/div><\/div><div class=\"rbs_gallery_button  rbs_gallery_align_left\" id=\"rbs_gallery_69f105449d324filter\" style=\" display: none;\" ><a class=\"button button-flat-primary button-large  \" href=\"#\" data-filter=\"*\">All<\/a><a class=\"button button-flat-primary button-large  \" href=\"#\" data-filter=\".tag_id0\">Erreur Format de date non reconnu.<\/a><\/div><div id=\"robo_gallery_main_block_rbs_gallery_69f105449d324\" class=\"robogallery-gallery-372\" style=\"width:100%;margin:0 auto;  display: none;\"><div id=\"rbs_gallery_69f105449d324\" data-options=\"rbs_gallery_69f105449d324\" style=\"width:100%;\" class=\"robo_gallery  \"><div class=\"rbs-img  category372 tag_id0 \"  data-columns=\"4\" ><div class=\"rbs-img-image   rbs-lightbox \" ><div class=\"rbs-img-thumbs\"  data-thumbnail=\"https:\/\/www.dmjarchives.org\/commune\/noyau\/wp-content\/uploads\/2023\/10\/Erreur-Format-de-date-non-reconnu.-Erreur-Format-de-date-non-reconnu._-a_tout_age-img-jardin.jpg\"  title=\"6 D\u00e9cembre 2017 jardin.jpg\"  data-width=\"219\"  data-height=\"165\" ><\/div><div class=\"rbs-img-data-popup\"  data-popup=\"https:\/\/www.dmjarchives.org\/commune\/noyau\/wp-content\/uploads\/2023\/10\/Erreur-Format-de-date-non-reconnu.-Erreur-Format-de-date-non-reconnu._-a_tout_age-img-jardin.jpg\"  title=\"\"  data-alt=\"un beau chateau\" ><\/div><div class=\"thumbnail-overlay\"><div class=\"rbsTitle \">6 D\u00e9cembre 2017 jardin.jpg<\/div><div class=\"rbsIcons\"><i class=\"fa  rbsZoomIcon \" ><\/i><\/div><\/div><\/div><\/div><\/div><\/div><\/div><script>var rbs_gallery_69f105449d324 = {\"version\":\"3.2.16\",\"id\":372,\"class\":\"id372\",\"roboGalleryDelay\":1000,\"mainContainer\":\"#robo_gallery_main_block_rbs_gallery_69f105449d324\",\"loadingContainer\":\"#rbs_gallery_69f105449d324-block-loader\",\"loadingContainerObj\":\"rbs_gallery_69f105449d324-block-loader\",\"columnWidth\":\"auto\",\"columns\":8,\"resolutions\":[{\"columnWidth\":\"auto\",\"columns\":3,\"maxWidth\":960},{\"columnWidth\":\"auto\",\"columns\":2,\"maxWidth\":650},{\"columnWidth\":\"auto\",\"columns\":1,\"maxWidth\":450}],\"deepLinking\":1,\"descBox\":true,\"descBoxClass\":\"rbs_desc_panel_blue\",\"lightboxOptions\":{\"gallery\":{\"enabled\":true,\"tCounter\":\"%curr% of %total%\"}},\"hideSourceImage\":true,\"overlayEffect\":\"direction-aware-fade\",\"boxesToLoadStart\":20,\"boxesToLoad\":8,\"waitUntilThumbLoads\":1,\"LoadingWord\":\"Loading...\",\"loadMoreWord\":\"Load More\",\"noMoreEntriesWord\":\"No More Entries\",\"horizontalSpaceBetweenBoxes\":15,\"verticalSpaceBetweenBoxes\":15,\"lazyLoad\":1,\"wrapContainer\":\"#robo-gallery-wrap-rbs_gallery_69f105449d324\",\"filterContainer\":\"#rbs_gallery_69f105449d324filter\",\"loadMoreClass\":\"button-flat-primary button-large \"};<\/script>\n","protected":false},"excerpt":{"rendered":"<p>Le plus gros regroupement de photos existant et disponible sur ce territoire est \u00e0 votre disposition. Les photos sont class\u00e9es par ann\u00e9es de publication sur internet.<\/p>\n","protected":false},"author":1,"featured_media":1103,"parent":0,"menu_order":0,"comment_status":"closed","ping_status":"closed","template":"","meta":{"footnotes":""},"class_list":["post-343","page","type-page","status-publish","has-post-thumbnail","hentry"],"yoast_head":"<!-- This site is optimized with the Yoast SEO plugin v27.5 - https:\/\/yoast.com\/product\/yoast-seo-wordpress\/ -->\n<title>Phototh\u00e8que Locale - DMJ ARCHIVES<\/title>\n<meta name=\"robots\" content=\"noindex, follow, max-snippet:-1, max-image-preview:large, max-video-preview:-1\" \/>\n<meta property=\"og:locale\" content=\"fr_FR\" \/>\n<meta property=\"og:type\" content=\"article\" \/>\n<meta property=\"og:title\" content=\"Phototh\u00e8que Locale - DMJ ARCHIVES\" \/>\n<meta property=\"og:description\" content=\"Le plus gros regroupement de photos existant et disponible sur ce territoire est \u00e0 votre disposition. Les photos sont class\u00e9es par ann\u00e9es de publication sur internet.\" \/>\n<meta property=\"og:url\" content=\"https:\/\/www.dmjarchives.org\/commune\/noyau\/phototheque-locale\/\" \/>\n<meta property=\"og:site_name\" content=\"DMJ ARCHIVES\" \/>\n<meta property=\"article:modified_time\" content=\"2023-11-09T17:20:25+00:00\" \/>\n<meta property=\"og:image\" content=\"https:\/\/www.dmjarchives.org\/commune\/noyau\/wp-content\/uploads\/2023\/11\/phototheque-archives.png\" \/>\n\t<meta property=\"og:image:width\" content=\"200\" \/>\n\t<meta property=\"og:image:height\" content=\"200\" \/>\n\t<meta property=\"og:image:type\" content=\"image\/png\" \/>\n<meta name=\"twitter:card\" content=\"summary_large_image\" \/>\n<script type=\"application\/ld+json\" class=\"yoast-schema-graph\">{\"@context\":\"https:\\\/\\\/schema.org\",\"@graph\":[{\"@type\":\"WebPage\",\"@id\":\"https:\\\/\\\/www.dmjarchives.org\\\/commune\\\/noyau\\\/phototheque-locale\\\/\",\"url\":\"https:\\\/\\\/www.dmjarchives.org\\\/commune\\\/noyau\\\/phototheque-locale\\\/\",\"name\":\"Phototh\u00e8que Locale - DMJ ARCHIVES\",\"isPartOf\":{\"@id\":\"https:\\\/\\\/www.dmjarchives.org\\\/commune\\\/noyau\\\/#website\"},\"primaryImageOfPage\":{\"@id\":\"https:\\\/\\\/www.dmjarchives.org\\\/commune\\\/noyau\\\/phototheque-locale\\\/#primaryimage\"},\"image\":{\"@id\":\"https:\\\/\\\/www.dmjarchives.org\\\/commune\\\/noyau\\\/phototheque-locale\\\/#primaryimage\"},\"thumbnailUrl\":\"https:\\\/\\\/www.dmjarchives.org\\\/commune\\\/noyau\\\/wp-content\\\/uploads\\\/2023\\\/11\\\/phototheque-archives.png\",\"datePublished\":\"2023-10-18T09:19:14+00:00\",\"dateModified\":\"2023-11-09T17:20:25+00:00\",\"breadcrumb\":{\"@id\":\"https:\\\/\\\/www.dmjarchives.org\\\/commune\\\/noyau\\\/phototheque-locale\\\/#breadcrumb\"},\"inLanguage\":\"fr-FR\",\"potentialAction\":[{\"@type\":\"ReadAction\",\"target\":[\"https:\\\/\\\/www.dmjarchives.org\\\/commune\\\/noyau\\\/phototheque-locale\\\/\"]}]},{\"@type\":\"ImageObject\",\"inLanguage\":\"fr-FR\",\"@id\":\"https:\\\/\\\/www.dmjarchives.org\\\/commune\\\/noyau\\\/phototheque-locale\\\/#primaryimage\",\"url\":\"https:\\\/\\\/www.dmjarchives.org\\\/commune\\\/noyau\\\/wp-content\\\/uploads\\\/2023\\\/11\\\/phototheque-archives.png\",\"contentUrl\":\"https:\\\/\\\/www.dmjarchives.org\\\/commune\\\/noyau\\\/wp-content\\\/uploads\\\/2023\\\/11\\\/phototheque-archives.png\",\"width\":200,\"height\":200,\"caption\":\"archives photoheque\"},{\"@type\":\"BreadcrumbList\",\"@id\":\"https:\\\/\\\/www.dmjarchives.org\\\/commune\\\/noyau\\\/phototheque-locale\\\/#breadcrumb\",\"itemListElement\":[{\"@type\":\"ListItem\",\"position\":1,\"name\":\"Accueil\",\"item\":\"https:\\\/\\\/www.dmjarchives.org\\\/commune\\\/noyau\\\/au-fil-de-lhistoire-du-site\\\/\"},{\"@type\":\"ListItem\",\"position\":2,\"name\":\"Phototh\u00e8que Locale\"}]},{\"@type\":\"WebSite\",\"@id\":\"https:\\\/\\\/www.dmjarchives.org\\\/commune\\\/noyau\\\/#website\",\"url\":\"https:\\\/\\\/www.dmjarchives.org\\\/commune\\\/noyau\\\/\",\"name\":\"DMJ ARCHIVES\",\"description\":\"Archives Internet\",\"publisher\":{\"@id\":\"https:\\\/\\\/www.dmjarchives.org\\\/commune\\\/noyau\\\/#organization\"},\"potentialAction\":[{\"@type\":\"SearchAction\",\"target\":{\"@type\":\"EntryPoint\",\"urlTemplate\":\"https:\\\/\\\/www.dmjarchives.org\\\/commune\\\/noyau\\\/?s={search_term_string}\"},\"query-input\":{\"@type\":\"PropertyValueSpecification\",\"valueRequired\":true,\"valueName\":\"search_term_string\"}}],\"inLanguage\":\"fr-FR\"},{\"@type\":\"Organization\",\"@id\":\"https:\\\/\\\/www.dmjarchives.org\\\/commune\\\/noyau\\\/#organization\",\"name\":\"dmjarchives\",\"url\":\"https:\\\/\\\/www.dmjarchives.org\\\/commune\\\/noyau\\\/\",\"logo\":{\"@type\":\"ImageObject\",\"inLanguage\":\"fr-FR\",\"@id\":\"https:\\\/\\\/www.dmjarchives.org\\\/commune\\\/noyau\\\/#\\\/schema\\\/logo\\\/image\\\/\",\"url\":\"https:\\\/\\\/www.dmjarchives.org\\\/commune\\\/noyau\\\/wp-content\\\/uploads\\\/2023\\\/10\\\/logo-2.png\",\"contentUrl\":\"https:\\\/\\\/www.dmjarchives.org\\\/commune\\\/noyau\\\/wp-content\\\/uploads\\\/2023\\\/10\\\/logo-2.png\",\"width\":390,\"height\":486,\"caption\":\"dmjarchives\"},\"image\":{\"@id\":\"https:\\\/\\\/www.dmjarchives.org\\\/commune\\\/noyau\\\/#\\\/schema\\\/logo\\\/image\\\/\"}}]}<\/script>\n<!-- \/ Yoast SEO plugin. -->","yoast_head_json":{"title":"Phototh\u00e8que Locale - DMJ ARCHIVES","robots":{"index":"noindex","follow":"follow","max-snippet":"max-snippet:-1","max-image-preview":"max-image-preview:large","max-video-preview":"max-video-preview:-1"},"og_locale":"fr_FR","og_type":"article","og_title":"Phototh\u00e8que Locale - DMJ ARCHIVES","og_description":"Le plus gros regroupement de photos existant et disponible sur ce territoire est \u00e0 votre disposition. Les photos sont class\u00e9es par ann\u00e9es de publication sur internet.","og_url":"https:\/\/www.dmjarchives.org\/commune\/noyau\/phototheque-locale\/","og_site_name":"DMJ ARCHIVES","article_modified_time":"2023-11-09T17:20:25+00:00","og_image":[{"width":200,"height":200,"url":"https:\/\/www.dmjarchives.org\/commune\/noyau\/wp-content\/uploads\/2023\/11\/phototheque-archives.png","type":"image\/png"}],"twitter_card":"summary_large_image","schema":{"@context":"https:\/\/schema.org","@graph":[{"@type":"WebPage","@id":"https:\/\/www.dmjarchives.org\/commune\/noyau\/phototheque-locale\/","url":"https:\/\/www.dmjarchives.org\/commune\/noyau\/phototheque-locale\/","name":"Phototh\u00e8que Locale - DMJ ARCHIVES","isPartOf":{"@id":"https:\/\/www.dmjarchives.org\/commune\/noyau\/#website"},"primaryImageOfPage":{"@id":"https:\/\/www.dmjarchives.org\/commune\/noyau\/phototheque-locale\/#primaryimage"},"image":{"@id":"https:\/\/www.dmjarchives.org\/commune\/noyau\/phototheque-locale\/#primaryimage"},"thumbnailUrl":"https:\/\/www.dmjarchives.org\/commune\/noyau\/wp-content\/uploads\/2023\/11\/phototheque-archives.png","datePublished":"2023-10-18T09:19:14+00:00","dateModified":"2023-11-09T17:20:25+00:00","breadcrumb":{"@id":"https:\/\/www.dmjarchives.org\/commune\/noyau\/phototheque-locale\/#breadcrumb"},"inLanguage":"fr-FR","potentialAction":[{"@type":"ReadAction","target":["https:\/\/www.dmjarchives.org\/commune\/noyau\/phototheque-locale\/"]}]},{"@type":"ImageObject","inLanguage":"fr-FR","@id":"https:\/\/www.dmjarchives.org\/commune\/noyau\/phototheque-locale\/#primaryimage","url":"https:\/\/www.dmjarchives.org\/commune\/noyau\/wp-content\/uploads\/2023\/11\/phototheque-archives.png","contentUrl":"https:\/\/www.dmjarchives.org\/commune\/noyau\/wp-content\/uploads\/2023\/11\/phototheque-archives.png","width":200,"height":200,"caption":"archives photoheque"},{"@type":"BreadcrumbList","@id":"https:\/\/www.dmjarchives.org\/commune\/noyau\/phototheque-locale\/#breadcrumb","itemListElement":[{"@type":"ListItem","position":1,"name":"Accueil","item":"https:\/\/www.dmjarchives.org\/commune\/noyau\/au-fil-de-lhistoire-du-site\/"},{"@type":"ListItem","position":2,"name":"Phototh\u00e8que Locale"}]},{"@type":"WebSite","@id":"https:\/\/www.dmjarchives.org\/commune\/noyau\/#website","url":"https:\/\/www.dmjarchives.org\/commune\/noyau\/","name":"DMJ ARCHIVES","description":"Archives Internet","publisher":{"@id":"https:\/\/www.dmjarchives.org\/commune\/noyau\/#organization"},"potentialAction":[{"@type":"SearchAction","target":{"@type":"EntryPoint","urlTemplate":"https:\/\/www.dmjarchives.org\/commune\/noyau\/?s={search_term_string}"},"query-input":{"@type":"PropertyValueSpecification","valueRequired":true,"valueName":"search_term_string"}}],"inLanguage":"fr-FR"},{"@type":"Organization","@id":"https:\/\/www.dmjarchives.org\/commune\/noyau\/#organization","name":"dmjarchives","url":"https:\/\/www.dmjarchives.org\/commune\/noyau\/","logo":{"@type":"ImageObject","inLanguage":"fr-FR","@id":"https:\/\/www.dmjarchives.org\/commune\/noyau\/#\/schema\/logo\/image\/","url":"https:\/\/www.dmjarchives.org\/commune\/noyau\/wp-content\/uploads\/2023\/10\/logo-2.png","contentUrl":"https:\/\/www.dmjarchives.org\/commune\/noyau\/wp-content\/uploads\/2023\/10\/logo-2.png","width":390,"height":486,"caption":"dmjarchives"},"image":{"@id":"https:\/\/www.dmjarchives.org\/commune\/noyau\/#\/schema\/logo\/image\/"}}]}},"_links":{"self":[{"href":"https:\/\/www.dmjarchives.org\/commune\/noyau\/wp-json\/wp\/v2\/pages\/343","targetHints":{"allow":["GET"]}}],"collection":[{"href":"https:\/\/www.dmjarchives.org\/commune\/noyau\/wp-json\/wp\/v2\/pages"}],"about":[{"href":"https:\/\/www.dmjarchives.org\/commune\/noyau\/wp-json\/wp\/v2\/types\/page"}],"author":[{"embeddable":true,"href":"https:\/\/www.dmjarchives.org\/commune\/noyau\/wp-json\/wp\/v2\/users\/1"}],"replies":[{"embeddable":true,"href":"https:\/\/www.dmjarchives.org\/commune\/noyau\/wp-json\/wp\/v2\/comments?post=343"}],"version-history":[{"count":14,"href":"https:\/\/www.dmjarchives.org\/commune\/noyau\/wp-json\/wp\/v2\/pages\/343\/revisions"}],"predecessor-version":[{"id":1022,"href":"https:\/\/www.dmjarchives.org\/commune\/noyau\/wp-json\/wp\/v2\/pages\/343\/revisions\/1022"}],"wp:featuredmedia":[{"embeddable":true,"href":"https:\/\/www.dmjarchives.org\/commune\/noyau\/wp-json\/wp\/v2\/media\/1103"}],"wp:attachment":[{"href":"https:\/\/www.dmjarchives.org\/commune\/noyau\/wp-json\/wp\/v2\/media?parent=343"}],"curies":[{"name":"wp","href":"https:\/\/api.w.org\/{rel}","templated":true}]}}